{"id":120,"date":"2023-09-02T00:42:39","date_gmt":"2023-09-02T03:42:39","guid":{"rendered":"https:\/\/cimageo.com.br\/?page_id=120"},"modified":"2024-10-16T09:38:28","modified_gmt":"2024-10-16T12:38:28","slug":"equipe","status":"publish","type":"page","link":"https:\/\/cimageo.com.br\/en\/equipe\/","title":{"rendered":"Equipe"},"content":{"rendered":"<div class=\"wp-block-group alignfull grupo-equipe has-base-background-color has-background has-global-padding is-layout-constrained wp-container-core-group-is-layout-2 wp-block-group-is-layout-constrained\" style=\"margin-top:0;margin-bottom:0;padding-top:var(--wp--preset--spacing--30);padding-right:0;padding-bottom:var(--wp--preset--spacing--30);padding-left:0\">\n<h4 class=\"wp-block-heading has-text-align-center has-text-color\" style=\"color:#3333cc;margin-top:0;margin-right:0;margin-bottom:0;margin-left:0;padding-top:0;padding-right:0;padding-bottom:0;padding-left:0;font-size:clamp(14px, 0.875rem + ((1vw - 3.2px) * 0.682), 20px);\"><strong>Aline Silva da Costa Lopes<\/strong><\/h4>\n\n\n\n<div class=\"wp-block-group alignwide has-base-background-color has-background is-vertical is-layout-flex wp-container-core-group-is-layout-1 wp-block-group-is-layout-flex\">\n<p>Graduated in Geophysics from the Federal University of Rio Grande do Norte - UFRN in 2017, with a specialization in Marine Geophysics.<\/p>\n\n\n\n<p>Completed a master's degree in 2021, through the Graduate Program in Geodynamics and Geophysics at UFRN in the field of Marine Geology, with the dissertation titled \"Geomorphological and Sedimentological Mapping of the Inner Shelf of Ba\u00eda Formosa - Eastern Coast of Rio Grande do Norte\".<\/p>\n\n\n\n<p>Currently in the process of completing a bachelor's degree in Geology at UFRN, specializing in sedimentology and stratigraphy<\/p>\n\n\n\n<p>Worked as a researcher on the project 'Evaluation of the Influence of Radon Transported by the Evapotranspiration of Trees in the Equatorial Forest on the Formation of Atmospheric Aerosols in the Archipelagos of Fernando de Noronha, S\u00e3o Pedro and S\u00e3o Paulo, and Atol das Rocas', coordinated by Dr. Thomas Campos, during expeditions 516 and 538 in 2019, through the ProArquip\u00e9lago program - CIRM, Brazilian Navy.<\/p>\n\n\n\n<p>Interned at the seismic data processing company CImaGeo from February 2023 to July 2023.<\/p>\n<\/div>\n<\/div>\n\n\n\n<div style=\"height:29px\" aria-hidden=\"true\" class=\"wp-block-spacer\"><\/div>\n\n\n\n<div class=\"wp-block-group alignfull grupo-equipe has-base-background-color has-background has-global-padding is-layout-constrained wp-container-core-group-is-layout-4 wp-block-group-is-layout-constrained\" style=\"margin-top:0;margin-bottom:0;padding-top:var(--wp--preset--spacing--30);padding-right:0;padding-bottom:var(--wp--preset--spacing--30);padding-left:0\">\n<h4 class=\"wp-block-heading has-text-align-center has-text-color\" style=\"color:#3333cc;margin-top:0;margin-right:0;margin-bottom:0;margin-left:0;padding-top:0;padding-right:0;padding-bottom:0;padding-left:0;font-size:clamp(14px, 0.875rem + ((1vw - 3.2px) * 0.682), 20px);\"><strong>D\u00e9bora Everly de Alc\u00e2ntara Barbosa<\/strong><\/h4>\n\n\n\n<div class=\"wp-block-group alignwide has-base-background-color has-background is-vertical is-layout-flex wp-container-core-group-is-layout-3 wp-block-group-is-layout-flex\">\n<p>Bachelor's degree in Geophysics from the Federal University of Rio Grande do Norte in 2017, specializing in High-Resolution Seismic Data Processing. <\/p>\n\n\n\n<p>Completed a Technical Course in Information Technology at the Federal University of Rio Grande do Norte in 2018, working in the Information Technology field for the following 4 years, advancing to the position of Quality Assurance. Also holds a postgraduate degree in Software Engineering from UniAm\u00e9rica in 2022. <\/p>\n\n\n\n<p>Engaged in Seismic Data Processing since 2022 and currently pursuing a Master's degree in the Geodynamics and Geophysics Program at the Federal University of Rio Grande do Norte since 2024, focusing on Seismic Data Interpretation.<\/p>\n<\/div>\n<\/div>\n\n\n\n<div style=\"height:29px\" aria-hidden=\"true\" class=\"wp-block-spacer\"><\/div>\n\n\n\n<div class=\"wp-block-group alignwide grupo-equipe has-base-background-color has-background has-global-padding is-layout-constrained wp-container-core-group-is-layout-6 wp-block-group-is-layout-constrained\" style=\"margin-top:0;margin-bottom:0;padding-top:var(--wp--preset--spacing--30);padding-right:0;padding-bottom:var(--wp--preset--spacing--30);padding-left:0\">\n<h4 class=\"wp-block-heading has-text-align-center has-text-color\" style=\"color:#3333cc;margin-top:0;margin-bottom:0;padding-top:0;padding-right:0;padding-bottom:0;padding-left:0;font-size:clamp(14px, 0.875rem + ((1vw - 3.2px) * 0.682), 20px);\"><strong>Felipe Zumba Amorim<\/strong><\/h4>\n\n\n\n<div class=\"wp-block-group alignwide has-base-background-color has-background is-vertical is-layout-flex wp-container-core-group-is-layout-5 wp-block-group-is-layout-flex\">\n<p style=\"margin-top:0;margin-right:0;margin-bottom:0;margin-left:0\">Bachelor\u2019s Degrees in Electrical Engineering from the Federal University of Rio Grande do Norte (UFRN) in 2006.<\/p>\n\n\n\n<p>In 2009 he acquired his Master\u2019s Degree in Petroleum Engineering and Science with emphasis in Petroleum Prospecting Geophysics, concentrating on the signal treatment and noise reduction, at the Federal University of Rio Grande do Norte, Natal \u2013 RN \u2013 Brazil: \u201cAttenuation of Coherent Noise Utilizing Decomposition with Empirical Methods\u201d.<\/p>\n\n\n\n<p>He helped create and was a partner of the seismic processing company \u201cCentro Potiguar de Geoci\u00eancias \u2013 CPGeo\u201d, where he worked as a processing Geophysicist for six years. There, he worked with quality control of reflexive seismic data, elaborating reports of processing and quality control and processing 2D and 3D seismic data from the Solim\u00f5es , Acre, Parna\u00edba, Potiguar Rec\u00f4ncavo, S\u00e3o Francisco and Paran\u00e1 basins in Brazil.<\/p>\n\n\n\n<p>He also helped create the Central de Imageamento Geof\u00edsico \u2013 <strong>CImaGeo<\/strong> in 2013, of which he is a partner and presently acts as the reflection seismic processor. He has currently worked on onshore seismic data processing in the Republic of Sudan basin and test processing in the onshore basin of Tucano Sul and offshore basins of Foz do Amazonas and Jequitinhonha in Brazil.<\/p>\n<\/div>\n<\/div>\n\n\n\n<div style=\"height:29px\" aria-hidden=\"true\" class=\"wp-block-spacer\"><\/div>\n\n\n\n<div class=\"wp-block-group alignfull grupo-equipe has-base-background-color has-background has-global-padding is-layout-constrained wp-container-core-group-is-layout-8 wp-block-group-is-layout-constrained\" style=\"margin-top:0;margin-bottom:0;padding-top:var(--wp--preset--spacing--30);padding-right:0;padding-bottom:var(--wp--preset--spacing--30);padding-left:0\">\n<h4 class=\"wp-block-heading has-text-align-center has-text-color\" style=\"color:#3333cc;margin-top:0;margin-right:0;margin-bottom:0;margin-left:0;padding-top:0;padding-right:0;padding-bottom:0;padding-left:0;font-size:clamp(14px, 0.875rem + ((1vw - 3.2px) * 0.682), 20px);\"><strong><strong>Maria Carolina de Sousa Soares<\/strong><\/strong><\/h4>\n\n\n\n<div class=\"wp-block-group alignwide has-base-background-color has-background is-vertical is-layout-flex wp-container-core-group-is-layout-7 wp-block-group-is-layout-flex\">\n<p>In 2021, graduated as a Computer Technician from the Federal Institute of Rio Grande do Norte (IFRN).<\/p>\n\n\n\n<p>During IFRN, worked as a scientific researcher from 2019 to 2020, focusing on studies of open data, social control, civic innovation, and the development of the Dados Livres platform. The research served as her final project, in which she achieved the highest grade for her technical degree.<\/p>\n\n\n\n<p>As a researcher, she participated in one of the largest programs promoting scientific culture among high school students, the Brazilian Science and Engineering Fair (FEBRACE), hosted at the University of S\u00e3o Paulo (USP) in 2021. <\/p>\n\n\n\n<p>Took part in the Youth Brazil program in 2020 and 2022, an initiative by the Brazilian Internet Steering Committee (CGI.br) in partnership with the Brazilian Network Information Center (NIC.br), aimed at promoting youth participation in Internet governance.<\/p>\n\n\n\n<p>Currently pursuing a Bachelor's degree in Science and Technology at the University of Rio Grande do Norte (UFRN), with main areas of interest in science, society, and computing.<\/p>\n<\/div>\n<\/div>\n\n\n\n<div style=\"height:29px\" aria-hidden=\"true\" class=\"wp-block-spacer\"><\/div>\n\n\n\n<div class=\"wp-block-group alignfull grupo-equipe has-base-background-color has-background has-global-padding is-layout-constrained wp-container-core-group-is-layout-10 wp-block-group-is-layout-constrained\" style=\"margin-top:0;margin-bottom:0;padding-top:var(--wp--preset--spacing--30);padding-right:0;padding-bottom:var(--wp--preset--spacing--30);padding-left:0\">\n<h4 class=\"wp-block-heading has-text-align-center has-text-color\" style=\"color:#3333cc;font-size:clamp(14px, 0.875rem + ((1vw - 3.2px) * 0.682), 20px);\"><strong>Gabriel de Almeida Ara\u00fajo<\/strong><\/h4>\n\n\n\n<div class=\"wp-block-group alignwide has-base-background-color has-background is-vertical is-layout-flex wp-container-core-group-is-layout-9 wp-block-group-is-layout-flex\">\n<p>Bachelor\u2019s Degree in Information Systems from Potiguar University (UnP) in 2010.<\/p>\n\n\n\n<p>In 2011 he started his Master\u2019s Degree in Petroleum Engineering and Science at the Federal University of Rio Grande do Norte, Natal \u2013 RN \u2013 Brazil.<\/p>\n\n\n\n<p>In 2009 he started at, helped consolidate and became partner of the seismic processing company \u201cCentro Potiguar de Geoci\u00eancias \u2013 CPGeo\u201d, where he remained until 2013, working as a Systems Analyst and gave computer support to the company\u2019s technicians. There, he developed processing and quality control of reflexive seismic data software, elaborated reports of processing and quality control and processed 2D and 3D seismic data from the Solim\u00f5es , Acre, Parna\u00edba, Potiguar Rec\u00f4ncavo, S\u00e3o Francisco and Paran\u00e1 basins in Brazil.<\/p>\n\n\n\n<p>In 2013, he also helped create the Central de Imageamento Geof\u00edsico \u2013 <strong>CImaGeo<\/strong>, of which he is a partner and presently acts as Systems Analyst, hardware and software support, development of applications for seismic processing and quality control of field data. Acts as a reflection seismic data processor as well, has currently worked on onshore seismic data processing in the Republic of Sudan basin and test processing in the onshore basin of Tucano Sul and offshore basins of Foz do Amazonas and Jequitinhonha in Brazil.<\/p>\n<\/div>\n<\/div>\n\n\n\n<div style=\"height:29px\" aria-hidden=\"true\" class=\"wp-block-spacer\"><\/div>\n\n\n\n<div class=\"wp-block-group alignfull grupo-equipe has-base-background-color has-background has-global-padding is-layout-constrained wp-container-core-group-is-layout-12 wp-block-group-is-layout-constrained\" style=\"margin-top:0;margin-bottom:0;padding-top:var(--wp--preset--spacing--30);padding-right:0;padding-bottom:var(--wp--preset--spacing--30);padding-left:0\">\n<h4 class=\"wp-block-heading has-text-align-center has-text-color\" style=\"color:#3333cc;margin-top:0;margin-right:0;margin-bottom:0;margin-left:0;padding-top:0;padding-right:0;padding-bottom:0;padding-left:0;font-size:clamp(14px, 0.875rem + ((1vw - 3.2px) * 0.682), 20px);\"><strong>Wander Nogueira de Amorim<\/strong><\/h4>\n\n\n\n<div class=\"wp-block-group alignwide has-base-background-color has-background is-vertical is-layout-flex wp-container-core-group-is-layout-11 wp-block-group-is-layout-flex\">\n<p>Bachelor\u2019s Degree in Geology from the University of Bras\u00edlia (UnB) in 1979.<\/p>\n\n\n\n<p>Started to work for Petrobras in 1980 in Salvador \u2013 Bahia \u2013 Brazil.<\/p>\n\n\n\n<p>Worked for two years on the seismic team and onshore seismic processing.<\/p>\n\n\n\n<p>Received his Doctorate Degree in Geophysics from the Federal University of Bahia (UFBA) in 1985, with the thesis: \u201cSTATIC CORRECTION CALCULATION USING THE TOMOGRAPHY PRINCIPAL\u201d.<\/p>\n\n\n\n<p>Worked as a researcher for Petrobras at the Leopoldo A. Miguez de Mello Research Center (CENPES) for six years in the areas of seismic processing and in the development of applications to better seismic resolution and Signal\/Noise Ratio.<\/p>\n\n\n\n<p>Was a professor of \u201cStatic Corrections\u201d at Petrobras University for more than 20 years.<\/p>\n\n\n\n<p>Was Ad-hoc to the Ministry of Science and Technology of Brazil for five years.<\/p>\n\n\n\n<p>For over twenty years acted as an interpreter for Petrobras. Regional interpretation, with the objective of block analysis, regional studies of basins and of the continental crust behavior of the Brazilian Coast and West Africa and exploratory interpretation for the positioning of petroleum wells.<\/p>\n\n\n\n<p>He also helped create a Company of seismic processing, where he trained Geophysicists, parameterized processing, processing analysis and quality control, management, client relations and development of applications for frequency band expansion of seismic data for Low as well as frequencies. He held this position for six years, from where he left to create . <strong>CImaGeo<\/strong>.<\/p>\n<\/div>\n<\/div>","protected":false},"excerpt":{"rendered":"<p>Aline Silva da Costa Lopes Graduada em geof\u00edsica pela Universidade Federal do Rio Grande do Norte \u2013 UFRN em 2017, com especializa\u00e7\u00e3o em Geof\u00edsica Marinha. Concluiu o mestrado em 2021, pelo Programa de P\u00f3s-Gradua\u00e7\u00e3o em Geodin\u00e2mica e Geof\u00edsica da UFRN na \u00e1rea de Geologia Marinha, com a disserta\u00e7\u00e3o \u201cMapeamento Geomorfol\u00f3gico e Sedimentol\u00f3gico da Plataforma Interna [&hellip;]<\/p>\n","protected":false},"author":2,"featured_media":0,"parent":0,"menu_order":0,"comment_status":"closed","ping_status":"closed","template":"estilo","meta":{"footnotes":""},"class_list":["post-120","page","type-page","status-publish","hentry"],"_links":{"self":[{"href":"https:\/\/cimageo.com.br\/en\/wp-json\/wp\/v2\/pages\/120","targetHints":{"allow":["GET"]}}],"collection":[{"href":"https:\/\/cimageo.com.br\/en\/wp-json\/wp\/v2\/pages"}],"about":[{"href":"https:\/\/cimageo.com.br\/en\/wp-json\/wp\/v2\/types\/page"}],"author":[{"embeddable":true,"href":"https:\/\/cimageo.com.br\/en\/wp-json\/wp\/v2\/users\/2"}],"replies":[{"embeddable":true,"href":"https:\/\/cimageo.com.br\/en\/wp-json\/wp\/v2\/comments?post=120"}],"version-history":[{"count":45,"href":"https:\/\/cimageo.com.br\/en\/wp-json\/wp\/v2\/pages\/120\/revisions"}],"predecessor-version":[{"id":1184,"href":"https:\/\/cimageo.com.br\/en\/wp-json\/wp\/v2\/pages\/120\/revisions\/1184"}],"wp:attachment":[{"href":"https:\/\/cimageo.com.br\/en\/wp-json\/wp\/v2\/media?parent=120"}],"curies":[{"name":"wp","href":"https:\/\/api.w.org\/{rel}","templated":true}]}}