{"id":122,"date":"2023-09-02T00:43:29","date_gmt":"2023-09-02T03:43:29","guid":{"rendered":"https:\/\/cimageo.com.br\/?page_id=122"},"modified":"2023-11-21T23:59:20","modified_gmt":"2023-11-22T02:59:20","slug":"missao","status":"publish","type":"page","link":"https:\/\/cimageo.com.br\/en\/missao\/","title":{"rendered":"Mission"},"content":{"rendered":"<p>The company <strong>CImaGeo<\/strong> is an onshore\/offshore 2D and 3D reflexive seismic data processing company. Even though our headquarters is in Brazil, our operations are not limited to the data processing of Brazilian basins only. We process seismic data from any country in the world.<\/p>\n\n\n\n<p>Our main objective is to enhance the value of field seismic data, offering our clients quality processed data, allowing for interpretation of a higher level of reliability, lowering risks and respecting established deadlines, all at a price compatible with today\u2019s market.<\/p>","protected":false},"excerpt":{"rendered":"<p>A CImaGeo \u00e9 uma empresa de processamento de dados s\u00edsmicos de reflex\u00e3o 2D e 3D terrestres e mar\u00edtimos. Embora com sede no Brasil, nossas opera\u00e7\u00f5es n\u00e3o se restringem ao processamento de dados de bacias brasileiras, executamos processamento de dados de qualquer outra nacionalidade Nosso principal objetivo \u00e9 agregar valor ao dado s\u00edsmico de campo, disponibilizando [&hellip;]<\/p>\n","protected":false},"author":2,"featured_media":0,"parent":0,"menu_order":0,"comment_status":"closed","ping_status":"closed","template":"estilo","meta":{"footnotes":""},"class_list":["post-122","page","type-page","status-publish","hentry"],"_links":{"self":[{"href":"https:\/\/cimageo.com.br\/en\/wp-json\/wp\/v2\/pages\/122","targetHints":{"allow":["GET"]}}],"collection":[{"href":"https:\/\/cimageo.com.br\/en\/wp-json\/wp\/v2\/pages"}],"about":[{"href":"https:\/\/cimageo.com.br\/en\/wp-json\/wp\/v2\/types\/page"}],"author":[{"embeddable":true,"href":"https:\/\/cimageo.com.br\/en\/wp-json\/wp\/v2\/users\/2"}],"replies":[{"embeddable":true,"href":"https:\/\/cimageo.com.br\/en\/wp-json\/wp\/v2\/comments?post=122"}],"version-history":[{"count":12,"href":"https:\/\/cimageo.com.br\/en\/wp-json\/wp\/v2\/pages\/122\/revisions"}],"predecessor-version":[{"id":766,"href":"https:\/\/cimageo.com.br\/en\/wp-json\/wp\/v2\/pages\/122\/revisions\/766"}],"wp:attachment":[{"href":"https:\/\/cimageo.com.br\/en\/wp-json\/wp\/v2\/media?parent=122"}],"curies":[{"name":"wp","href":"https:\/\/api.w.org\/{rel}","templated":true}]}}