{"id":124,"date":"2023-09-02T00:43:53","date_gmt":"2023-09-02T03:43:53","guid":{"rendered":"https:\/\/cimageo.com.br\/?page_id=124"},"modified":"2024-05-17T09:09:11","modified_gmt":"2024-05-17T12:09:11","slug":"principios","status":"publish","type":"page","link":"https:\/\/cimageo.com.br\/en\/principios\/","title":{"rendered":"Principles"},"content":{"rendered":"<p class=\"has-text-align-left\" style=\"margin-right:0;margin-left:0;padding-top:0;padding-bottom:0\">We at <strong>CImaGeo<\/strong> rely on our guiding principles to achieve our mission as promised:<\/p>\n\n\n\n<ul class=\"wp-block-list\" style=\"padding-top:0;padding-right:var(--wp--preset--spacing--40);padding-bottom:0;padding-left:var(--wp--preset--spacing--40)\">\n<li class=\"item-lista\"><strong>Ethics:<\/strong> We are committed to transparency and conduct business in an ethical and legal manner. We assume total responsibility for all of our actions and results.<\/li>\n\n\n\n<li class=\"item-lista\"><strong>Security:<\/strong> We offer a safe workplace, both for staff and for the environment.<\/li>\n\n\n\n<li class=\"item-lista\"><strong>Working as a Team:<\/strong> We have created a work environment that stimulates teamwork and cooperation, where everyone is treated with respect and understanding.<\/li>\n\n\n\n<li class=\"item-lista\"><strong>Technology:<\/strong> We constantly seek improvement, encouraging technological innovation in the pursuit of our objectives.<br>We work to produce quality results and comply with all our commitments with our clients.<\/li>\n<\/ul>","protected":false},"excerpt":{"rendered":"<p>Na CImaGeo alcan\u00e7amos a nossa miss\u00e3o dentro do quadro estabelecido pelos nossos princ\u00edpios orientadores:<\/p>","protected":false},"author":2,"featured_media":0,"parent":0,"menu_order":0,"comment_status":"closed","ping_status":"closed","template":"estilo","meta":{"footnotes":""},"class_list":["post-124","page","type-page","status-publish","hentry"],"_links":{"self":[{"href":"https:\/\/cimageo.com.br\/en\/wp-json\/wp\/v2\/pages\/124","targetHints":{"allow":["GET"]}}],"collection":[{"href":"https:\/\/cimageo.com.br\/en\/wp-json\/wp\/v2\/pages"}],"about":[{"href":"https:\/\/cimageo.com.br\/en\/wp-json\/wp\/v2\/types\/page"}],"author":[{"embeddable":true,"href":"https:\/\/cimageo.com.br\/en\/wp-json\/wp\/v2\/users\/2"}],"replies":[{"embeddable":true,"href":"https:\/\/cimageo.com.br\/en\/wp-json\/wp\/v2\/comments?post=124"}],"version-history":[{"count":28,"href":"https:\/\/cimageo.com.br\/en\/wp-json\/wp\/v2\/pages\/124\/revisions"}],"predecessor-version":[{"id":992,"href":"https:\/\/cimageo.com.br\/en\/wp-json\/wp\/v2\/pages\/124\/revisions\/992"}],"wp:attachment":[{"href":"https:\/\/cimageo.com.br\/en\/wp-json\/wp\/v2\/media?parent=124"}],"curies":[{"name":"wp","href":"https:\/\/api.w.org\/{rel}","templated":true}]}}