{"id":134,"date":"2023-09-02T00:47:01","date_gmt":"2023-09-02T03:47:01","guid":{"rendered":"https:\/\/cimageo.com.br\/?page_id=134"},"modified":"2024-05-19T23:21:29","modified_gmt":"2024-05-20T02:21:29","slug":"contato","status":"publish","type":"page","link":"https:\/\/cimageo.com.br\/en\/contato\/","title":{"rendered":"Contact"},"content":{"rendered":"<p class=\"has-contrast-color has-text-color has-link-color wp-elements-90daebebbb64416fd3e7528334b522b4\" style=\"margin-right:0;margin-left:0\">Thank you for your interest in <strong>CImaGeo<\/strong>. Here, everyone works tirelessly to offer the best solutions for our clients.<\/p>\n\n\n\n<p class=\"has-contrast-color has-text-color has-link-color wp-elements-975d5cd3b5aaf394dc17720bef83ac73\" style=\"margin-right:0;margin-left:0\">You can contact us via email at: <a href=\"mailto:contato@cimageo.com.br\">contato@cimageo.com.br<\/a>. Your response will be addressed as quickly as possible. If you prefer to speak with us directly, our phone numbers are: +55 84 3201-7691 or +55 84 98745-9133.<\/p>\n\n\n\n<p>We are at your disposal to assist you!<\/p>\n\n\n\n<div style=\"height:22px\" aria-hidden=\"true\" class=\"wp-block-spacer\"><\/div>\n\n\n<style>\n.google-maps {position: relative; padding-bottom: 30%; height: 0; overflow: hidden}\n.google-maps iframe {position: absolute; top: 0; left: 0; width: 100% !important; height: 100% !important}\n<\/style>\n<div class=\"google-maps\" style=\"text-align:center\">\n<iframe loading=\"lazy\" src=\"https:\/\/www.google.com\/maps\/embed?pb=!1m18!1m12!1m3!1d3969.4038838894553!2d-35.20181502434147!3d-5.798492757206395!2m3!1f0!2f0!3f0!3m2!1i1024!2i768!4f13.1!3m3!1m2!1s0x7b3001b2b824e73%3A0xef6d3b236ddea867!2sCImaGeo%20-%20Central%20de%20Imageamento%20Geof%C3%ADsico!5e0!3m2!1spt-BR!2sbr!4v1716076861027!5m2!1spt-BR!2sbr\" width=\"600\" height=\"450\" frameborder=\"0\" style=\"border:0\"><\/iframe>\n<\/div>","protected":false},"excerpt":{"rendered":"<p>Obrigado pelo interesse pela CImaGeo, nela, todos trabalham incansavelmente para oferecer as melhores solu\u00e7\u00f5es para os clientes. Voc\u00ea pode entrar em contato conosco atrav\u00e9s do e-mail: contato@cimageo.com.br. Sua resposta ser\u00e1 encaminhada com a maior brevidade poss\u00edvel. Se preferir falar diretamente conosco, nossos n\u00fameros de telefone s\u00e3o: +55 84 3201-7691 ou +55 84 98745-9133. Estamos \u00e0 [&hellip;]<\/p>\n","protected":false},"author":2,"featured_media":0,"parent":0,"menu_order":0,"comment_status":"closed","ping_status":"closed","template":"estilo","meta":{"footnotes":""},"class_list":["post-134","page","type-page","status-publish","hentry"],"_links":{"self":[{"href":"https:\/\/cimageo.com.br\/en\/wp-json\/wp\/v2\/pages\/134","targetHints":{"allow":["GET"]}}],"collection":[{"href":"https:\/\/cimageo.com.br\/en\/wp-json\/wp\/v2\/pages"}],"about":[{"href":"https:\/\/cimageo.com.br\/en\/wp-json\/wp\/v2\/types\/page"}],"author":[{"embeddable":true,"href":"https:\/\/cimageo.com.br\/en\/wp-json\/wp\/v2\/users\/2"}],"replies":[{"embeddable":true,"href":"https:\/\/cimageo.com.br\/en\/wp-json\/wp\/v2\/comments?post=134"}],"version-history":[{"count":109,"href":"https:\/\/cimageo.com.br\/en\/wp-json\/wp\/v2\/pages\/134\/revisions"}],"predecessor-version":[{"id":1152,"href":"https:\/\/cimageo.com.br\/en\/wp-json\/wp\/v2\/pages\/134\/revisions\/1152"}],"wp:attachment":[{"href":"https:\/\/cimageo.com.br\/en\/wp-json\/wp\/v2\/media?parent=134"}],"curies":[{"name":"wp","href":"https:\/\/api.w.org\/{rel}","templated":true}]}}